{"id":87,"date":"2026-04-07T15:01:37","date_gmt":"2026-04-07T18:01:37","guid":{"rendered":"https:\/\/eletrocentermg.com.br\/?post_type=product&#038;p=87"},"modified":"2026-04-07T15:01:37","modified_gmt":"2026-04-07T18:01:37","slug":"plugue-industrial-de-miolo-intercambiavel-ip-44-strahl","status":"publish","type":"product","link":"https:\/\/eletrocentermg.com.br\/index.php\/produto\/plugue-industrial-de-miolo-intercambiavel-ip-44-strahl\/","title":{"rendered":"Plugue Industrial de Miolo Intercambi\u00e1vel Ip 44 Strahl"},"content":{"rendered":"<div class=\"section-box description\" data-tab-id=\"#descricao\">\n<div class=\"board_htm\">\n<h1>Plugue Industrial\u00a016A e 32A de\u00a0110\/130V, 220\/240V, 380\/440V e 600\/750V<\/h1>\n<p>O uso de\u00a0<a href=\"https:\/\/loja.strahl.com\/loja\/busca.php?loja=717867&amp;palavra_busca=tomadas+industriais\"><strong>plugue e tomada industrial<\/strong><\/a>\u00a0garante uma prote\u00e7\u00e3o maior para m\u00e1quinas e equipamentos el\u00e9tricos com seu\u00a0sistema\u00a0de seguran\u00e7a (cor e pino terra) que evita\u00a0conex\u00e3o\u00a0indevida.<\/p>\n<h2>Quais as especifica\u00e7\u00f5es t\u00e9cnicas do plugue miolo intercambi\u00e1vel Strahl?<\/h2>\n<ul>\n<li>Correntes Nominais: 16A e 32A;<\/li>\n<li>N\u00famero de Polos: 3 (2P+T), 4 (3P+T) e 5 (3P+N+T);<\/li>\n<li>Tens\u00f5es (V): 110\/130V, 220\/240V, 380\/440V e 600\/750V.<\/li>\n<\/ul>\n<p>Para fazer o pedido correto, selecione a tens\u00e3o e corrente nominal desejada na janela do produto.<\/p>\n<h2>Principais vantagens na utiliza\u00e7\u00e3o dos plugues linha Strahl:<\/h2>\n<ul>\n<li>Evita erros de inser\u00e7\u00e3o com tens\u00f5es diferentes;<\/li>\n<li>N\u00e3o permite invers\u00e3o de polos;<\/li>\n<li>Permite a visualiza\u00e7\u00e3o de voltagem (tens\u00e3o) pela cor;<\/li>\n<li>Facilidade de manuten\u00e7\u00e3o na troca de miolos da Linha Strahl;<\/li>\n<li><strong>Miolo intercambi\u00e1vel<\/strong>;<\/li>\n<li>NORMA NBR IEC 60309 &#8211; CEE 17 &#8211; VDE 0623.<\/li>\n<\/ul>\n<h2>Onde utilizar os plugues Strahl?<\/h2>\n<p>Como seu nome sugere, os plugues industriais s\u00e3o utilizadas em grande maioria em\u00a0<strong>ind\u00fastrias atuando como ponto de conex\u00e3o\u00a0para fornecer energia<\/strong>\u00a0a equipamentos que trabalham com correntes maiores que as convencionais utilizadas em resid\u00eancias.<\/p>\n<h3>Sugest\u00f5es de uso al\u00e9m da industrial:<\/h3>\n<ul>\n<li>Liga\u00e7\u00e3o de maquin\u00e1rios em\u00a0<a href=\"https:\/\/loja.strahl.com\/loja\/busca.php?loja=717867&amp;palavra_busca=canteiro+de+obras\"><strong>canteiros de obra<\/strong><\/a>;<\/li>\n<li>Liga\u00e7\u00e3o de\u00a0<strong>Food Trucks<\/strong>\u00a0\u00e0 rede de energia local;<\/li>\n<li>Liga\u00e7\u00e3o de equipamentos de cozinha.<\/li>\n<\/ul>\n<p>Direto de f\u00e1brica<br \/>\nProduto com nota fiscal<br \/>\nMarca Strahl<\/p>\n<h2>Pesquisas relacionadas:<\/h2>\n<ul>\n<li><a href=\"https:\/\/loja.strahl.com\/loja\/busca.php?loja=717867&amp;palavra_busca=Plugue+industrial\">Plugue industrial<\/a><\/li>\n<li><a href=\"https:\/\/loja.strahl.com\/loja\/busca.php?loja=717867&amp;palavra_busca=Plugue+miolo+intercambi%E1vel\">Plugue miolo intercambi\u00e1vel<\/a><\/li>\n<li><a href=\"https:\/\/loja.strahl.com\/loja\/busca.php?loja=717867&amp;palavra_busca=Plugue\">Plugue<\/a><\/li>\n<li><a href=\"https:\/\/loja.strahl.com\/loja\/busca.php?loja=717867&amp;palavra_busca=Plugue+IP44\">Plugue IP44<\/a><\/li>\n<\/ul>\n<\/div>\n<\/div>\n<div class=\"section-box properties\" data-tab-id=\"#caracteristicas\">\n<div class=\"title-section\">Caracter\u00edsticas<\/div>\n<div class=\"board_htm\">\n<div>\n<ul>\n<li>Grau de Prote\u00e7\u00e3o: IP 44<\/li>\n<\/ul>\n<\/div>\n<\/div>\n<\/div>\n","protected":false},"excerpt":{"rendered":"<p>Plugue Industrial\u00a016A e 32A de\u00a0110\/130V, 220\/240V, 380\/440V e 600\/750V O uso de\u00a0plugue e tomada industrial\u00a0garante uma prote\u00e7\u00e3o maior para m\u00e1quinas e equipamentos el\u00e9tricos com seu\u00a0sistema\u00a0de seguran\u00e7a (cor e pino terra) que evita\u00a0conex\u00e3o\u00a0indevida. Quais as especifica\u00e7\u00f5es t\u00e9cnicas do plugue miolo intercambi\u00e1vel Strahl? Correntes Nominais: 16A e 32A; N\u00famero de Polos: 3 (2P+T), 4 (3P+T) e 5 [&hellip;]<\/p>\n","protected":false},"featured_media":88,"comment_status":"open","ping_status":"closed","template":"","meta":[],"product_brand":[],"product_cat":[35,25,36,21,27,37,22,23,40,44],"product_tag":[],"class_list":{"0":"post-87","1":"product","2":"type-product","3":"status-publish","4":"has-post-thumbnail","6":"product_cat-110-130v","7":"product_cat-16a","8":"product_cat-200-250v","9":"product_cat-3-polos-pinos","10":"product_cat-32a","11":"product_cat-380-415v","12":"product_cat-4-polos-pinos","13":"product_cat-5-polos-pinos","14":"product_cat-600-690v","15":"product_cat-ip44-16a-e-32a","17":"first","18":"instock","19":"shipping-taxable","20":"purchasable","21":"product-type-simple"},"_links":{"self":[{"href":"https:\/\/eletrocentermg.com.br\/index.php\/wp-json\/wp\/v2\/product\/87","targetHints":{"allow":["GET"]}}],"collection":[{"href":"https:\/\/eletrocentermg.com.br\/index.php\/wp-json\/wp\/v2\/product"}],"about":[{"href":"https:\/\/eletrocentermg.com.br\/index.php\/wp-json\/wp\/v2\/types\/product"}],"replies":[{"embeddable":true,"href":"https:\/\/eletrocentermg.com.br\/index.php\/wp-json\/wp\/v2\/comments?post=87"}],"wp:featuredmedia":[{"embeddable":true,"href":"https:\/\/eletrocentermg.com.br\/index.php\/wp-json\/wp\/v2\/media\/88"}],"wp:attachment":[{"href":"https:\/\/eletrocentermg.com.br\/index.php\/wp-json\/wp\/v2\/media?parent=87"}],"wp:term":[{"taxonomy":"product_brand","embeddable":true,"href":"https:\/\/eletrocentermg.com.br\/index.php\/wp-json\/wp\/v2\/product_brand?post=87"},{"taxonomy":"product_cat","embeddable":true,"href":"https:\/\/eletrocentermg.com.br\/index.php\/wp-json\/wp\/v2\/product_cat?post=87"},{"taxonomy":"product_tag","embeddable":true,"href":"https:\/\/eletrocentermg.com.br\/index.php\/wp-json\/wp\/v2\/product_tag?post=87"}],"curies":[{"name":"wp","href":"https:\/\/api.w.org\/{rel}","templated":true}]}}