{"id":80,"date":"2026-04-07T14:40:58","date_gmt":"2026-04-07T17:40:58","guid":{"rendered":"https:\/\/eletrocentermg.com.br\/?post_type=product&#038;p=80"},"modified":"2026-04-07T14:49:33","modified_gmt":"2026-04-07T17:49:33","slug":"tomada-de-embutir-negativa-linha-strahl-ip-44-miolo-intercambiavel","status":"publish","type":"product","link":"https:\/\/eletrocentermg.com.br\/index.php\/produto\/tomada-de-embutir-negativa-linha-strahl-ip-44-miolo-intercambiavel\/","title":{"rendered":"Tomada de Embutir Negativa Linha Strahl Ip 44 Miolo Intercambi\u00e1vel"},"content":{"rendered":"<div class=\"section-box description\" data-tab-id=\"#descricao\">\n<div class=\"board_htm\">\n<h1>Tomada de embutir negativa\u00a0Linha Strahl\u00a016A e 32A de\u00a0110\/130V, 220\/240V e\u00a0380\/440V.<\/h1>\n<p>O uso de\u00a0<a href=\"https:\/\/loja.strahl.com\/loja\/busca.php?loja=717867&amp;palavra_busca=tomadas+industriais\"><strong>tomada industrial<\/strong><\/a>\u00a0garante uma prote\u00e7\u00e3o maior para m\u00e1quinas e equipamentos el\u00e9tricos com seu\u00a0sistema\u00a0de seguran\u00e7a (cor e pino terra) que evita\u00a0conex\u00e3o\u00a0indevida.<\/p>\n<h2>Quais as especifica\u00e7\u00f5es t\u00e9cnicas da tomada de embutir Strahl?<\/h2>\n<ul>\n<li>Correntes Nominais:\u00a016A e 32A;<\/li>\n<li>N\u00famero de Polos: 3 (2P+T), 4 (3P+T) e 5 (3P+N+T);<\/li>\n<li>Tens\u00f5es (V): 110\/130V, 220\/240V e\u00a0380\/440V.<\/li>\n<\/ul>\n<p>Para fazer o pedido correto, selecione a tens\u00e3o e corrente nominal desejada na janela do produto.<\/p>\n<h2>Principais vantagens na utiliza\u00e7\u00e3o das tomadas de embutir macho:<\/h2>\n<ul>\n<li>Evita erros de inser\u00e7\u00e3o com tens\u00f5es diferentes;<\/li>\n<li>N\u00e3o permite invers\u00e3o de polos;<\/li>\n<li>Permite a visualiza\u00e7\u00e3o de voltagem (tens\u00e3o) pela cor;<\/li>\n<li>Facilidade de manuten\u00e7\u00e3o na troca de miolos da Linha Strahl;<\/li>\n<li><strong>Miolo intercambi\u00e1vel<\/strong>;<\/li>\n<li>NORMA NBR IEC 60309 &#8211; CEE 17 &#8211; VDE 0623.<\/li>\n<\/ul>\n<h2>Onde utilizar as tomadas negativas Strahl?<\/h2>\n<p>Como seu nome sugere, as tomadas industriais de embutir\u00a0s\u00e3o utilizadas em grande maioria em\u00a0<strong>ind\u00fastrias atuando como ponto de conex\u00e3o para fornecer energia<\/strong>\u00a0a equipamentos que trabalham com correntes maiores que as convencionais utilizadas em resid\u00eancias.<\/p>\n<h3>Sugest\u00f5es de uso al\u00e9m da industrial:<\/h3>\n<ul>\n<li>Liga\u00e7\u00e3o de maquin\u00e1rios em\u00a0<a href=\"https:\/\/loja.strahl.com\/loja\/busca.php?loja=717867&amp;palavra_busca=canteiro+de+obra\"><strong>canteiros de obra<\/strong><\/a>;<\/li>\n<li>Liga\u00e7\u00e3o de\u00a0<strong>Food Trucks<\/strong>\u00a0\u00e0 rede de energia local;<\/li>\n<li>Liga\u00e7\u00e3o de equipamentos de cozinha.<\/li>\n<\/ul>\n<p>Direto de f\u00e1brica<br \/>\nProduto com nota fiscal<br \/>\nMarca Strahl<\/p>\n<h2>Pesquisas relacionadas:<\/h2>\n<ul>\n<li><a href=\"https:\/\/loja.strahl.com\/loja\/busca.php?loja=717867&amp;palavra_busca=Tomada+de+embutir\">Tomada de embutir<\/a><\/li>\n<li><a href=\"https:\/\/loja.strahl.com\/loja\/busca.php?loja=717867&amp;palavra_busca=Tomada+IP44\">Tomada IP44<\/a><\/li>\n<li><a href=\"https:\/\/loja.strahl.com\/loja\/busca.php?loja=717867&amp;palavra_busca=Tomada+industrial\">Tomada industrial<\/a><\/li>\n<li><a href=\"https:\/\/loja.strahl.com\/loja\/busca.php?loja=717867&amp;palavra_busca=Tomada+miolo+intercambi%E1vel\">Tomada miolo intercambi\u00e1vel<\/a><\/li>\n<li><a href=\"https:\/\/loja.strahl.com\/loja\/busca.php?loja=717867&amp;palavra_busca=Tomada+negativa\">Tomada negativa<\/a><\/li>\n<li><a href=\"https:\/\/loja.strahl.com\/loja\/busca.php?loja=717867&amp;palavra_busca=Tomada+embutir+macho\">Tomada embutir macho<\/a><\/li>\n<\/ul>\n<\/div>\n<\/div>\n<div class=\"section-box properties\" data-tab-id=\"#caracteristicas\">\n<div class=\"title-section\">Caracter\u00edsticas<\/div>\n<div class=\"board_htm\">\n<div>\n<ul>\n<li>Grau de Prote\u00e7\u00e3o: IP 44<\/li>\n<\/ul>\n<\/div>\n<\/div>\n<\/div>\n<div class=\"section-box AdditionalTab30\" data-tab-id=\"#AbaPersonalizadaConteudo30\">\n<div class=\"title-section\">FAQ &#8211; Tomadas e Plugues Industriais<\/div>\n<div data-id=\"#AbaPersonalizadaConteudo30\">\n<div id=\"AbaPersonalizadaConteudo30\" class=\"prodBox\">\n<div class=\"board aba_personalizada\">\n<h3>O que \u00e9 tomada industrial?<\/h3>\n<p>Tomadas industriais s\u00e3o mais robustas, agindo como ponto de conex\u00e3o para o fornecimento de eletricidade a diversas m\u00e1quinas e equipamentos industriais, suportando correntes muito maiores que as tomadas convencionais.<\/p>\n<h3>Por que usar tomada industrial?<\/h3>\n<p>A tomada industrial, pode garantir o funcionamento das m\u00e1quinas por maior tempo, trazendo maior seguran\u00e7a para a linha de produ\u00e7\u00e3o e colaboradores, e por consequ\u00eancia evitando que acidentes ocorram. Fabricada de acordo com a Norma NBR IEC60309 &#8211; CEE 17 &#8211; CDE 0623 resulta em uma f\u00e1cil manuten\u00e7\u00e3o, pois pode ser utilizada com diversas outras fabricantes, garantindo o encaixe entre marcas variadas, desde que respeitem o mesmo n\u00famero de polos, tens\u00e3o e corrente.<\/p>\n<h3>Como funciona tomada industrial?<\/h3>\n<p>As tomadas e plugues industriais possuem tr\u00eas quantidades de pinos de acordo com a utiliza\u00e7\u00e3o, s\u00e3o eles:<\/p>\n<ul>\n<li><strong>2P+T:<\/strong>\u00a0Podendo ser utilizada como 2 Fases + Terra ou Fase + Neutro + Terra.<\/li>\n<li><strong>3P + T:<\/strong>\u00a0Podendo ser utilzado como 3 Fases + Terra ou 2 Fases + Neutro + Terra.<\/li>\n<li><strong>3P + N + T:<\/strong>\u00a0Para 3 Fases + Neutro + Terra.<\/li>\n<\/ul>\n<h3>O que \u00e9 uma tomada com miolo intercambi\u00e1vel?<\/h3>\n<p>Nossa linha de miolo intercambi\u00e1vel possui como principal tecnologia um miolo pr\u00e1tico e f\u00e1cil de se manusear, podendo ser desparafusado sem a necessidade de desmontar totalmente a pe\u00e7a. Uma outra vantagen dessa linha \u00e9 a praticidade em alternar os miolos, podendo fazer a troca de um miolo macho para um f\u00eamea em instantes.<\/p>\n<h3>O que \u00e9 uma tomada monobloco?<\/h3>\n<p>Nossa linha de miolo monobloco tem como caracter\u00edstica principal o seu miolo embutido ao corpo do produto em uma unica pe\u00e7a, trazendo praticidade em sua instala\u00e7\u00e3o el\u00e9trica. Diferente do miolo intercambi\u00e1vel o monobloco n\u00e3o possibilita a invers\u00e3o de miolos.<\/p>\n<h3>Quais os tipos de tomadas industriais?<\/h3>\n<ul>\n<li>Plugue<\/li>\n<li>Tomada de embutir<\/li>\n<li>Tomada de sobrepor<\/li>\n<li>Tomada Acoplamento<\/li>\n<\/ul>\n<h3>O que significa grau de prote\u00e7\u00e3o IP?<\/h3>\n<p>O IP (\u00ecndice de prote\u00e7\u00e3o) indica qual o grau de prote\u00e7\u00e3o do equipamento, que pode ser de IP 44 a IP 67 (a prova d\u2019\u00e1gua). A Strahl trabalha com duas linhas de tomadas industriais, sendo elas de IP 44 para usos que n\u00e3o necessitam de um grau de prote\u00e7\u00e3o elevados e IP 67 para usos que exijam que as tomadas ou plugues sejam a prova d\u2019\u00e1gua.<\/p>\n<p>&nbsp;<\/p>\n<h3>O que significa 2P + T nas tomadas?<\/h3>\n<p>\u00c9 uma tomada possui tr\u00eas pontos para conex\u00e3o dos condutores, fase , neutro e terra. Os condutores fase e neutro s\u00e3o carregados, e por eles circula a corrente el\u00e9trica do circuito.<\/p>\n<h3>Qual voltagem tem uma tomada de 20A?<\/h3>\n<p>A tomada tanto de embutir ou sobrepor 2P+T de 20A da Strahl s\u00e3o Bivolt atendendo 110\/130V e 220\/240V.<\/p>\n<h3>Qual eletrodom\u00e9stico deve ser ligado na tomada de 20A?<\/h3>\n<p>A tomada de 20A \u00e9 para produtos como micro-ondas, secadores de cabelo, fog\u00f5es, fornos el\u00e9tricos, auto-claves, aspirador de p\u00f3, m\u00e1quina de lavar roupas, fritadeiras, ferros de passar e etc.<\/p>\n<h3>Onde utilizar as tomadas modelo Schuko?<\/h3>\n<p>As tomadas e plugues conhecidos por modelo Schuko s\u00e3o utilizados em equipamentos, maquin\u00e1rios, eletrodom\u00e9sticos que possui o padr\u00e3o alem\u00e3o.<\/p>\n<h3>Quais s\u00e3o os tipos de tomadas padr\u00e3o alem\u00e3o?<\/h3>\n<p>A Strahl trabalha com diversos modelos de tomadas Schuko, s\u00e3o elas:<\/p>\n<ul>\n<li>Tomada acoplamento;<\/li>\n<li>Tomada com espelho, nas cores azul e cinza;<\/li>\n<li>Tomada de embutir, nas cores azul e cinza;<\/li>\n<li>Tomada de sobrepor, nas cores azul e cinza;<\/li>\n<li>Plugue.<\/li>\n<\/ul>\n<h3>O que significa grau de prote\u00e7\u00e3o IP?<\/h3>\n<p>O IP (\u00ecndice de prote\u00e7\u00e3o) indica qual o grau de prote\u00e7\u00e3o do equipamento, que pode ser de IP 44 a IP 67. A Strahl trabalha com duas linhas de tomadas industriais, sendo elas de IP 44 para usos que n\u00e3o necessitam de um grau de prote\u00e7\u00e3o elevados e IP 67 para usos que exijam que as tomadas ou plugues sejam a prova d\u2019\u00e1gua.<\/p>\n<\/div>\n<\/div>\n<\/div>\n<\/div>\n","protected":false},"excerpt":{"rendered":"<p>Tomada de embutir negativa\u00a0Linha Strahl\u00a016A e 32A de\u00a0110\/130V, 220\/240V e\u00a0380\/440V. O uso de\u00a0tomada industrial\u00a0garante uma prote\u00e7\u00e3o maior para m\u00e1quinas e equipamentos el\u00e9tricos com seu\u00a0sistema\u00a0de seguran\u00e7a (cor e pino terra) que evita\u00a0conex\u00e3o\u00a0indevida. Quais as especifica\u00e7\u00f5es t\u00e9cnicas da tomada de embutir Strahl? Correntes Nominais:\u00a016A e 32A; N\u00famero de Polos: 3 (2P+T), 4 (3P+T) e 5 (3P+N+T); Tens\u00f5es [&hellip;]<\/p>\n","protected":false},"featured_media":81,"comment_status":"open","ping_status":"closed","template":"","meta":[],"product_brand":[],"product_cat":[35,25,36,21,27,37,22,23,44],"product_tag":[],"class_list":{"0":"post-80","1":"product","2":"type-product","3":"status-publish","4":"has-post-thumbnail","6":"product_cat-110-130v","7":"product_cat-16a","8":"product_cat-200-250v","9":"product_cat-3-polos-pinos","10":"product_cat-32a","11":"product_cat-380-415v","12":"product_cat-4-polos-pinos","13":"product_cat-5-polos-pinos","14":"product_cat-ip44-16a-e-32a","16":"first","17":"instock","18":"shipping-taxable","19":"purchasable","20":"product-type-simple"},"_links":{"self":[{"href":"https:\/\/eletrocentermg.com.br\/index.php\/wp-json\/wp\/v2\/product\/80","targetHints":{"allow":["GET"]}}],"collection":[{"href":"https:\/\/eletrocentermg.com.br\/index.php\/wp-json\/wp\/v2\/product"}],"about":[{"href":"https:\/\/eletrocentermg.com.br\/index.php\/wp-json\/wp\/v2\/types\/product"}],"replies":[{"embeddable":true,"href":"https:\/\/eletrocentermg.com.br\/index.php\/wp-json\/wp\/v2\/comments?post=80"}],"wp:featuredmedia":[{"embeddable":true,"href":"https:\/\/eletrocentermg.com.br\/index.php\/wp-json\/wp\/v2\/media\/81"}],"wp:attachment":[{"href":"https:\/\/eletrocentermg.com.br\/index.php\/wp-json\/wp\/v2\/media?parent=80"}],"wp:term":[{"taxonomy":"product_brand","embeddable":true,"href":"https:\/\/eletrocentermg.com.br\/index.php\/wp-json\/wp\/v2\/product_brand?post=80"},{"taxonomy":"product_cat","embeddable":true,"href":"https:\/\/eletrocentermg.com.br\/index.php\/wp-json\/wp\/v2\/product_cat?post=80"},{"taxonomy":"product_tag","embeddable":true,"href":"https:\/\/eletrocentermg.com.br\/index.php\/wp-json\/wp\/v2\/product_tag?post=80"}],"curies":[{"name":"wp","href":"https:\/\/api.w.org\/{rel}","templated":true}]}}